{"id":204,"date":"2023-03-23T12:55:14","date_gmt":"2023-03-23T12:55:14","guid":{"rendered":"https:\/\/lehameaudecampan.com\/?page_id=204"},"modified":"2023-04-14T13:19:00","modified_gmt":"2023-04-14T12:19:00","slug":"contact-us","status":"publish","type":"page","link":"https:\/\/lehameaudecampan.com\/fr\/contact-us\/","title":{"rendered":"CONTACTEZ-NOUS"},"content":{"rendered":"<h2 class=\"wp-block-heading\">Contactez-nous<\/h2>\n\n\n\n<p>Veuillez nous contacter pour r\u00e9server l'un de nos h\u00e9bergements de groupe ou chambres dans les Pyr\u00e9n\u00e9es. Si vous avez des questions que vous souhaitez poser, envoyez-nous un message en utilisant le formulaire de contact ci-dessous ou envoyez-nous un e-mail \u00e0 <a href=\"mailto:info@lovethepyrenees.com\">info@lovethepyrenees.com<\/a> &nbsp; Ce sera avec plaisir de discuter la nombre et des besoins de votre groupe et nous r\u00e9pondrons \u00e0 toutes les questions sp\u00e9cifiques que vous pourriez avoir. &nbsp;<\/p>\n\n\n\n<p>Vous pouvez v\u00e9rifier la disponibilit\u00e9 et r\u00e9server directement l\u2019un de nos chalets et chambres en utilisant notre calendrier en ligne ci-dessous.<\/p>\n\n\n\n<div id=\"wp-block-themeisle-blocks-button-group-5b2935cd\" class=\"wp-block-themeisle-blocks-button-group wp-block-buttons align-center-desktop\">\n<div id=\"wp-block-themeisle-blocks-button-7967a036\" class=\"wp-block-themeisle-blocks-button wp-block-button\"><a href=\"https:\/\/lehameaudecampan.com\/fr\/price-list\/\" target=\"_self\" rel=\"noopener noreferrer\" class=\"wp-block-button__link\"><span>VIEW OUR PRICES<\/span><\/a><\/div>\n<\/div>\n\n\n\n<pre class=\"wp-block-code has-sitebg-color has-sitetext-background-color has-text-color has-background has-normal-font-size\"><code><div class=\"ftb-widget\" data-id=\"39311\" data-token=\"oE8GKSQYFuJ1gosn6AXGQ3Ssf77ji0eepmAuy5P11JwTHM0u3DQbJbaTqkiUd\">&nbsp;<\/div><\/code><\/pre>\n\n\n\n<p><script src=\"https:\/\/widget.freetobook.com\/widget.js\"><\/script><\/p>\n\n\n\n<div class=\"wp-block-columns is-layout-flex wp-container-core-columns-layout-1 wp-block-columns-is-layout-flex\">\n<div class=\"wp-block-column is-layout-flow wp-block-column-is-layout-flow\" style=\"flex-basis:100%\">\n<div class=\"wp-block-group is-layout-constrained wp-block-group-is-layout-constrained\"><div class=\"wp-block-group__inner-container\">\n<div id=\"wp-block-themeisle-blocks-form-42b218f2\" class=\"wp-block-themeisle-blocks-form\" data-option-name=\"bf9b28ff82ce323187abc5d0feb0d8f07ecd8436_42b218f2\"><form class=\"otter-form__container\" action=\"\">\n<div id=\"wp-block-themeisle-blocks-form-input-e6d7d881\" class=\"wp-block-themeisle-blocks-form-input\"><label for=\"wp-block-themeisle-blocks-form-input-e6d7d881-input\" class=\"otter-form-input-label\"><span class=\"otter-form-input-label__label\">Nom et Prenom<\/span><span class=\"required\">*<\/span><\/label><input type=\"text\" id=\"wp-block-themeisle-blocks-form-input-e6d7d881-input\" required class=\"otter-form-input\"\/><\/div>\n\n\n\n<div id=\"wp-block-themeisle-blocks-form-input-6f80a44a\" class=\"wp-block-themeisle-blocks-form-input\"><label for=\"wp-block-themeisle-blocks-form-input-6f80a44a-input\" class=\"otter-form-input-label\"><span class=\"otter-form-input-label__label\">Email<\/span><span class=\"required\">*<\/span><\/label><input type=\"email\" id=\"wp-block-themeisle-blocks-form-input-6f80a44a-input\" required class=\"otter-form-input\"\/><\/div>\n\n\n<div class=\"protection\" aria-hidden=\"true\"><input type=\"hidden\" id=\"wp-block-themeisle-blocks-form-42b218f2_nonce_field\" name=\"wp-block-themeisle-blocks-form-42b218f2_nonce_field\" value=\"4b8327f671\" \/><input type=\"hidden\" name=\"_wp_http_referer\" value=\"\/fr\/wp-json\/wp\/v2\/pages\/204\" \/><input class=\"o-anti-bot\" type=\"checkbox\"><\/div>\n\n\n<div id=\"wp-block-themeisle-blocks-form-input-5569a166\" class=\"wp-block-themeisle-blocks-form-input\"><label for=\"wp-block-themeisle-blocks-form-input-5569a166-input\" class=\"otter-form-input-label\"><span class=\"otter-form-input-label__label\">Date de reservation de:<\/span><\/label><input type=\"date\" id=\"wp-block-themeisle-blocks-form-input-5569a166-input\" class=\"otter-form-input\"\/><\/div>\n\n\n\n<div id=\"wp-block-themeisle-blocks-form-input-7ad79c60\" class=\"wp-block-themeisle-blocks-form-input\"><label for=\"wp-block-themeisle-blocks-form-input-7ad79c60-input\" class=\"otter-form-input-label\"><span class=\"otter-form-input-label__label\">Date de Reservation \u00e1:<\/span><\/label><input type=\"date\" id=\"wp-block-themeisle-blocks-form-input-7ad79c60-input\" class=\"otter-form-input\"\/><\/div>\n\n\n\n<div id=\"wp-block-themeisle-blocks-form-input-53058878\" class=\"wp-block-themeisle-blocks-form-input\"><label for=\"wp-block-themeisle-blocks-form-input-53058878-input\" class=\"otter-form-input-label\"><span class=\"otter-form-input-label__label\">No. d'enfants:<\/span><\/label><input type=\"number\" id=\"wp-block-themeisle-blocks-form-input-53058878-input\" class=\"otter-form-input\"\/><\/div>\n\n\n\n<div id=\"wp-block-themeisle-blocks-form-input-6e3db522\" class=\"wp-block-themeisle-blocks-form-input\"><label for=\"wp-block-themeisle-blocks-form-input-6e3db522-input\" class=\"otter-form-input-label\"><span class=\"otter-form-input-label__label\">No. d'adultes:<\/span><\/label><input type=\"number\" id=\"wp-block-themeisle-blocks-form-input-6e3db522-input\" class=\"otter-form-input\"\/><\/div>\n\n\n\n<div id=\"wp-block-themeisle-blocks-form-textarea-a971b54c\" class=\"wp-block-themeisle-blocks-form-textarea\"><label for=\"wp-block-themeisle-blocks-form-textarea-a971b54c-input\" class=\"otter-form-textarea-label\"><span class=\"otter-form-textarea-label__label\">Message<\/span><\/label><textarea id=\"wp-block-themeisle-blocks-form-textarea-a971b54c-input\" rows=\"10\" class=\"otter-form-textarea-input\"><\/textarea><\/div>\n\n\n\n<p class=\"has-extra-small-font-size\">Vous acceptez de recevoir des communications par courriel de notre part en soumettant ce formulaire et comprenez que vos coordonn\u00e9es seront stock\u00e9es chez nous.<\/p>\n<div class=\"wp-block-button o-center\"><button class=\"wp-block-button__link\" type=\"submit\">Envoyer<\/button><\/div><input type=\"hidden\" name=\"trp-form-language\" value=\"fr\"\/><\/form><\/div>\n<\/div><\/div>\n<\/div>\n<\/div>\n\n\n\n<h2 class=\"wp-block-heading\">Trouvez-nous<\/h2>\n\n\n<div style=\"height:400pxpx;\" class=\"wp-block-themeisle-blocks-leaflet-map\" id=\"wp-block-themeisle-blocks-leaflet-map-85b73042\"><\/div>\n<script type=\"text\/javascript\">\n\t\/* <![CDATA[ *\/\n\t\tif ( ! window.themeisleLeafletMaps ) window.themeisleLeafletMaps =[];\n\t\twindow.themeisleLeafletMaps.push( { container: \"wp-block-themeisle-blocks-leaflet-map-85b73042\", attributes: {\"id\":\"wp-block-themeisle-blocks-leaflet-map-85b73042\",\"latitude\":\"43.02673743559375\",\"longitude\":\"0.20530700683593753\",\"bbox\":\"-0.41473388671875006,42.82562425459303,0.8253479003906251,43.22719386727831\",\"zoom\":10,\"markers\":[{\"latitude\":42.99165281014093,\"longitude\":0.22397518157958987,\"id\":\"c161a617-5a74-4ea4-a428-6061a8d4e625\",\"title\":\"Add a title\",\"description\":\"\"}],\"location\":\"La Sagrada Familia, Barcelona, Spain\",\"height\":\"400px\",\"zoomControl\":true,\"draggable\":true,\"hasCustomCSS\":false,\"customCSS\":\"\",\"otterConditions\":[]} } );\n\t\/* ]]> *\/\n<\/script>\n\n\n\n<div class=\"wp-block-columns is-layout-flex wp-container-core-columns-layout-2 wp-block-columns-is-layout-flex\">\n<div class=\"wp-block-column is-layout-flow wp-block-column-is-layout-flow\" style=\"flex-basis:33.33%\">\n<div id=\"wp-block-themeisle-blocks-font-awesome-icons-7ec4ef89\" class=\"wp-block-themeisle-blocks-font-awesome-icons\"><span class=\"wp-block-themeisle-blocks-font-awesome-icons-container\"><i class=\"fas fa-mobile-alt\"><\/i><\/span><\/div>\n<\/div>\n\n\n\n<div class=\"wp-block-column is-layout-flow wp-block-column-is-layout-flow\" style=\"font-size:22px;font-style:normal;font-weight:600;flex-basis:66.66%\">\n<p style=\"font-style:normal;font-weight:800\"><strong><o-anim-typing>Nous appellez: <\/o-anim-typing><\/strong><\/p>\n\n\n\n<p>France : +33 (0)6 79 99 14 94<\/p>\n\n\n\n<p>UK: +44 (0)7740 725795<\/p>\n<\/div>\n<\/div>\n\n\n\n<div class=\"wp-block-columns is-layout-flex wp-container-core-columns-layout-3 wp-block-columns-is-layout-flex\">\n<div class=\"wp-block-column is-layout-flow wp-block-column-is-layout-flow\" style=\"flex-basis:33.33%\">\n<div id=\"wp-block-themeisle-blocks-font-awesome-icons-8cf2a9eb\" class=\"wp-block-themeisle-blocks-font-awesome-icons\"><span class=\"wp-block-themeisle-blocks-font-awesome-icons-container\"><i class=\"far fa-address-book\"><\/i><\/span><\/div>\n<\/div>\n\n\n\n<div class=\"wp-block-column is-layout-flow wp-block-column-is-layout-flow\" style=\"font-size:22px;font-style:normal;font-weight:700;flex-basis:66.66%\">\n<p class=\"o-typing-delay-1s\" style=\"font-style:normal;font-weight:800\"><strong><o-anim-typing>Trouvez-nous<\/o-anim-typing><\/strong><\/p>\n\n\n\n<p>Le Hameau de Campan<\/p>\n\n\n\n<p>4167, Route des Deux Cols<\/p>\n\n\n\n<p>Sainte Marie de Campan<\/p>\n\n\n\n<p>65710 Campan <\/p>\n<\/div>\n<\/div>","protected":false},"excerpt":{"rendered":"<p>How to get in touch with us&#8230;. Please get in touch about reserving any of our group accommodation or bedrooms in the Pyrenees. If you &hellip;<\/p>","protected":false},"author":1,"featured_media":249,"parent":0,"menu_order":0,"comment_status":"closed","ping_status":"closed","template":"","meta":{"content-type":"","om_disable_all_campaigns":false,"_mi_skip_tracking":false,"_themeisle_gutenberg_block_has_review":false,"footnotes":""},"aioseo_notices":[],"yoast_head":"<!-- This site is optimized with the Yoast SEO plugin v20.3 - https:\/\/yoast.com\/wordpress\/plugins\/seo\/ -->\n<title>CONTACT US - Le Hameau de Campan<\/title>\n<meta name=\"description\" content=\"Please contact us. Tel: France +33 (0)6 79 99 14 94 \/ UK +44 (0)7740 725795\" \/>\n<meta name=\"robots\" content=\"index, follow, max-snippet:-1, max-image-preview:large, max-video-preview:-1\" \/>\n<link rel=\"canonical\" href=\"https:\/\/lehameaudecampan.com\/fr\/contact-us\/\" \/>\n<meta property=\"og:locale\" content=\"fr_FR\" \/>\n<meta property=\"og:type\" content=\"article\" \/>\n<meta property=\"og:title\" content=\"CONTACT US - Le Hameau de Campan\" \/>\n<meta property=\"og:description\" content=\"Please contact us. Tel: France +33 (0)6 79 99 14 94 \/ UK +44 (0)7740 725795\" \/>\n<meta property=\"og:url\" content=\"https:\/\/lehameaudecampan.com\/fr\/contact-us\/\" \/>\n<meta property=\"og:site_name\" content=\"Le Hameau de Campan\" \/>\n<meta property=\"article:modified_time\" content=\"2023-04-14T12:19:00+00:00\" \/>\n<meta property=\"og:image\" content=\"http:\/\/lehameaudecampan.com\/wp-content\/uploads\/2023\/03\/Le-hameau-de-campan-entrance-1-scaled.jpg\" \/>\n\t<meta property=\"og:image:width\" content=\"1920\" \/>\n\t<meta property=\"og:image:height\" content=\"2560\" \/>\n\t<meta property=\"og:image:type\" content=\"image\/jpeg\" \/>\n<meta name=\"twitter:card\" content=\"summary_large_image\" \/>\n<meta name=\"twitter:label1\" content=\"Dur\u00e9e de lecture estim\u00e9e\" \/>\n\t<meta name=\"twitter:data1\" content=\"1 minute\" \/>\n<script type=\"application\/ld+json\" class=\"yoast-schema-graph\">{\"@context\":\"https:\/\/schema.org\",\"@graph\":[{\"@type\":\"WebPage\",\"@id\":\"https:\/\/lehameaudecampan.com\/contact-us\/\",\"url\":\"https:\/\/lehameaudecampan.com\/contact-us\/\",\"name\":\"CONTACT US - Le Hameau de Campan\",\"isPartOf\":{\"@id\":\"https:\/\/lehameaudecampan.com\/#website\"},\"datePublished\":\"2023-03-23T12:55:14+00:00\",\"dateModified\":\"2023-04-14T12:19:00+00:00\",\"description\":\"Please contact us. Tel: France +33 (0)6 79 99 14 94 \/ UK +44 (0)7740 725795\",\"breadcrumb\":{\"@id\":\"https:\/\/lehameaudecampan.com\/contact-us\/#breadcrumb\"},\"inLanguage\":\"fr-FR\",\"potentialAction\":[{\"@type\":\"ReadAction\",\"target\":[\"https:\/\/lehameaudecampan.com\/contact-us\/\"]}]},{\"@type\":\"BreadcrumbList\",\"@id\":\"https:\/\/lehameaudecampan.com\/contact-us\/#breadcrumb\",\"itemListElement\":[{\"@type\":\"ListItem\",\"position\":1,\"name\":\"Home\",\"item\":\"https:\/\/lehameaudecampan.com\/\"},{\"@type\":\"ListItem\",\"position\":2,\"name\":\"CONTACT US\"}]},{\"@type\":\"WebSite\",\"@id\":\"https:\/\/lehameaudecampan.com\/#website\",\"url\":\"https:\/\/lehameaudecampan.com\/\",\"name\":\"Le Hameau de Campan\",\"description\":\"Group Accommodation in the heart of the Pyrenees\",\"publisher\":{\"@id\":\"https:\/\/lehameaudecampan.com\/#organization\"},\"potentialAction\":[{\"@type\":\"SearchAction\",\"target\":{\"@type\":\"EntryPoint\",\"urlTemplate\":\"https:\/\/lehameaudecampan.com\/?s={search_term_string}\"},\"query-input\":\"required name=search_term_string\"}],\"inLanguage\":\"fr-FR\"},{\"@type\":\"Organization\",\"@id\":\"https:\/\/lehameaudecampan.com\/#organization\",\"name\":\"Le Hameau de Campan\",\"url\":\"https:\/\/lehameaudecampan.com\/\",\"logo\":{\"@type\":\"ImageObject\",\"inLanguage\":\"fr-FR\",\"@id\":\"https:\/\/lehameaudecampan.com\/#\/schema\/logo\/image\/\",\"url\":\"https:\/\/lehameaudecampan.com\/wp-content\/uploads\/2023\/03\/cropped-400dpiLogo-no-name-4.png\",\"contentUrl\":\"https:\/\/lehameaudecampan.com\/wp-content\/uploads\/2023\/03\/cropped-400dpiLogo-no-name-4.png\",\"width\":1811,\"height\":893,\"caption\":\"Le Hameau de Campan\"},\"image\":{\"@id\":\"https:\/\/lehameaudecampan.com\/#\/schema\/logo\/image\/\"}}]}<\/script>\n<!-- \/ Yoast SEO plugin. -->","yoast_head_json":{"title":"CONTACT US - Le Hameau de Campan","description":"Please contact us. Tel: France +33 (0)6 79 99 14 94 \/ UK +44 (0)7740 725795","robots":{"index":"index","follow":"follow","max-snippet":"max-snippet:-1","max-image-preview":"max-image-preview:large","max-video-preview":"max-video-preview:-1"},"canonical":"https:\/\/lehameaudecampan.com\/fr\/contact-us\/","og_locale":"fr_FR","og_type":"article","og_title":"CONTACT US - Le Hameau de Campan","og_description":"Please contact us. Tel: France +33 (0)6 79 99 14 94 \/ UK +44 (0)7740 725795","og_url":"https:\/\/lehameaudecampan.com\/fr\/contact-us\/","og_site_name":"Le Hameau de Campan","article_modified_time":"2023-04-14T12:19:00+00:00","og_image":[{"width":1920,"height":2560,"url":"http:\/\/lehameaudecampan.com\/wp-content\/uploads\/2023\/03\/Le-hameau-de-campan-entrance-1-scaled.jpg","type":"image\/jpeg"}],"twitter_card":"summary_large_image","twitter_misc":{"Dur\u00e9e de lecture estim\u00e9e":"1 minute"},"schema":{"@context":"https:\/\/schema.org","@graph":[{"@type":"WebPage","@id":"https:\/\/lehameaudecampan.com\/contact-us\/","url":"https:\/\/lehameaudecampan.com\/contact-us\/","name":"CONTACT US - Le Hameau de Campan","isPartOf":{"@id":"https:\/\/lehameaudecampan.com\/#website"},"datePublished":"2023-03-23T12:55:14+00:00","dateModified":"2023-04-14T12:19:00+00:00","description":"Please contact us. Tel: France +33 (0)6 79 99 14 94 \/ UK +44 (0)7740 725795","breadcrumb":{"@id":"https:\/\/lehameaudecampan.com\/contact-us\/#breadcrumb"},"inLanguage":"fr-FR","potentialAction":[{"@type":"ReadAction","target":["https:\/\/lehameaudecampan.com\/contact-us\/"]}]},{"@type":"BreadcrumbList","@id":"https:\/\/lehameaudecampan.com\/contact-us\/#breadcrumb","itemListElement":[{"@type":"ListItem","position":1,"name":"Home","item":"https:\/\/lehameaudecampan.com\/"},{"@type":"ListItem","position":2,"name":"CONTACT US"}]},{"@type":"WebSite","@id":"https:\/\/lehameaudecampan.com\/#website","url":"https:\/\/lehameaudecampan.com\/","name":"Le Hameau de Campan","description":"Group Accommodation in the heart of the Pyrenees","publisher":{"@id":"https:\/\/lehameaudecampan.com\/#organization"},"potentialAction":[{"@type":"SearchAction","target":{"@type":"EntryPoint","urlTemplate":"https:\/\/lehameaudecampan.com\/?s={search_term_string}"},"query-input":"required name=search_term_string"}],"inLanguage":"fr-FR"},{"@type":"Organization","@id":"https:\/\/lehameaudecampan.com\/#organization","name":"Le Hameau de Campan","url":"https:\/\/lehameaudecampan.com\/","logo":{"@type":"ImageObject","inLanguage":"fr-FR","@id":"https:\/\/lehameaudecampan.com\/#\/schema\/logo\/image\/","url":"https:\/\/lehameaudecampan.com\/wp-content\/uploads\/2023\/03\/cropped-400dpiLogo-no-name-4.png","contentUrl":"https:\/\/lehameaudecampan.com\/wp-content\/uploads\/2023\/03\/cropped-400dpiLogo-no-name-4.png","width":1811,"height":893,"caption":"Le Hameau de Campan"},"image":{"@id":"https:\/\/lehameaudecampan.com\/#\/schema\/logo\/image\/"}}]}},"_links":{"self":[{"href":"https:\/\/lehameaudecampan.com\/fr\/wp-json\/wp\/v2\/pages\/204"}],"collection":[{"href":"https:\/\/lehameaudecampan.com\/fr\/wp-json\/wp\/v2\/pages"}],"about":[{"href":"https:\/\/lehameaudecampan.com\/fr\/wp-json\/wp\/v2\/types\/page"}],"author":[{"embeddable":true,"href":"https:\/\/lehameaudecampan.com\/fr\/wp-json\/wp\/v2\/users\/1"}],"replies":[{"embeddable":true,"href":"https:\/\/lehameaudecampan.com\/fr\/wp-json\/wp\/v2\/comments?post=204"}],"version-history":[{"count":44,"href":"https:\/\/lehameaudecampan.com\/fr\/wp-json\/wp\/v2\/pages\/204\/revisions"}],"predecessor-version":[{"id":1472,"href":"https:\/\/lehameaudecampan.com\/fr\/wp-json\/wp\/v2\/pages\/204\/revisions\/1472"}],"wp:featuredmedia":[{"embeddable":true,"href":"https:\/\/lehameaudecampan.com\/fr\/wp-json\/wp\/v2\/media\/249"}],"wp:attachment":[{"href":"https:\/\/lehameaudecampan.com\/fr\/wp-json\/wp\/v2\/media?parent=204"}],"curies":[{"name":"wp","href":"https:\/\/api.w.org\/{rel}","templated":true}]}}