{"id":1447,"date":"2023-04-14T12:48:08","date_gmt":"2023-04-14T11:48:08","guid":{"rendered":"https:\/\/lehameaudecampan.com\/?page_id=1447"},"modified":"2025-05-24T09:28:57","modified_gmt":"2025-05-24T08:28:57","slug":"prices","status":"publish","type":"page","link":"https:\/\/lehameaudecampan.com\/fr\/prices\/","title":{"rendered":"TARIFS"},"content":{"rendered":"<h2 class=\"wp-block-heading\">Tarif de l'h\u00e9bergement standard<\/h2>\n\n\n\n<p>Vous trouverez ci-dessous nos tarifs standards pour la r\u00e9servation de notre h\u00e9bergement et de nos services directement aupr\u00e8s de nous.  De temps en temps, nous proposons des offres et des r\u00e9ductions qui peuvent varier par rapport \u00e0 les tarifs standards ci-dessous.  Nous essayons toujours de faire en sorte que la r\u00e9servation directe avec nous vous donne le meilleur prix disponible. Cependant, si vous avez vu un meilleur prix par l'interm\u00e9diaire d'un autre agent, n'h\u00e9sitez pas \u00e0 nous contacter car nous essaierons toujours d'offrir un meilleur prix \u00e0 nos clients qui viennent directement.<\/p>\n\n\n\n<div id=\"wp-block-themeisle-blocks-tabs-cb33c5d4\" class=\"wp-block-themeisle-blocks-tabs is-style-boxed\"><div class=\"wp-block-themeisle-blocks-tabs__content\">\n<div data-title=\"Chalet L'Adour (6)\" class=\"wp-block-themeisle-blocks-tabs-item\"><div class=\"wp-block-themeisle-blocks-tabs-item__header\" tabindex=\"0\">Chalet L&#8217;Adour (6)<\/div><div class=\"wp-block-themeisle-blocks-tabs-item__content\">\n<p>Accommodation Price Per Night : 145 Euro <\/p>\n\n\n\n<p>Tarif Speciale Du weekend: Arriv\u00e9e a partir de 15:00hrs Friday \u2013 Depart 17:00hrs Sunday: 315 Euro<\/p>\n\n\n\n<p>Minimum Reservation: 3 nuits (5 nuits vacances scholaires)<\/p>\n\n\n\n<p>End of Stay Cleaning Fee:95 Euro<\/p>\n\n\n\n<p>Linge des lits et serviettes de bains : Le linge de maison et les serviettes de toilette sont inclus.<\/p>\n\n\n\n<p>Taxe de Sejour: 0,89 Euro per adult, per night<\/p>\n<\/div><\/div>\n\n\n\n<div data-title=\"Chalet D'Arizes (10)\" class=\"wp-block-themeisle-blocks-tabs-item\"><div class=\"wp-block-themeisle-blocks-tabs-item__header\" tabindex=\"0\">Chalet D&#8217;Arizes (10)<\/div><div class=\"wp-block-themeisle-blocks-tabs-item__content\">\n<p>Accommodation Price Per Night : 195 Euro<\/p>\n\n\n\n<p>Tarif Speciale Du weekend: Arriv\u00e9e a partir de 15:00hrs Friday \u2013 Depart 17:00hrs Sunday: 430 Euro<\/p>\n\n\n\n<p>Minimum Reservation: 3 nuits (5 nuits vacances scholaires)<\/p>\n\n\n\n<p>End of Stay Cleaning Fee: 105 Euro<\/p>\n\n\n\n<p>Linge des lits et serviettes de bains : Le linge de maison et les serviettes de toilette sont inclus.<\/p>\n\n\n\n<p>Taxe de Sejour: 0,89 Euro per adult, per night<\/p>\n<\/div><\/div>\n\n\n\n<div data-title=\"Chalet des Fleurs (16)\" class=\"wp-block-themeisle-blocks-tabs-item\"><div class=\"wp-block-themeisle-blocks-tabs-item__header\" tabindex=\"0\">Chalet des Fleurs (16)<\/div><div class=\"wp-block-themeisle-blocks-tabs-item__content\">\n<p>Accommodation Price Per Night : 355 Euro<\/p>\n\n\n\n<p>Tarif Speciale Du weekend: Arriv\u00e9e a partir de 15:00hrs Friday \u2013 Depart 17:00hrs Sunday: 790 Euro<\/p>\n\n\n\n<p>Minimum Reservation: 3 nuits (7 nuits vacances scholaires)<\/p>\n\n\n\n<p>End of Stay Cleaning Fee: 185 Euro<\/p>\n\n\n\n<p>Linge des lits et serviettes de bains : Le linge de maison et les serviettes de toilette sont inclus.<\/p>\n\n\n\n<p>Taxe de Sejour: 0,89 Euro per adult, per night<\/p>\n<\/div><\/div>\n\n\n\n<div data-title=\"Le Hameau de Campan (26)\" class=\"wp-block-themeisle-blocks-tabs-item\"><div class=\"wp-block-themeisle-blocks-tabs-item__header\" tabindex=\"0\">Le Hameau de Campan (26)<\/div><div class=\"wp-block-themeisle-blocks-tabs-item__content\">\n<p>Accommodation Price Per Night : 485 Euro<\/p>\n\n\n\n<p>Weekend Rate: Check-In from 15:00hrs Friday &#8211; Check-out 17:00hrs Sunday: 1350 Euro<\/p>\n\n\n\n<p>Minimum Reservation: 3 nuits (7 nuits vacances scholaires)<\/p>\n\n\n\n<p>End of Stay Cleaning Fee: 265 Euro<\/p>\n\n\n\n<p>Linge des lits et serviettes de bains : Le linge de maison et les serviettes de toilette sont inclus.<\/p>\n\n\n\n<p>Taxe de Sejour: 0,89 Euro per adult, per night<\/p>\n<\/div><\/div>\n<\/div><\/div>\n\n\n\n<div class=\"wp-block-columns are-vertically-aligned-center has-sitebg-color has-sitetext-background-color has-text-color has-background is-layout-flex wp-container-core-columns-layout-1 wp-block-columns-is-layout-flex\">\n<div class=\"wp-block-column is-vertically-aligned-center is-layout-flow wp-block-column-is-layout-flow\" style=\"flex-basis:33.34%\"><\/div>\n\n\n\n<div class=\"wp-block-column is-vertically-aligned-center is-layout-flow wp-block-column-is-layout-flow\" style=\"flex-basis:80%\"><div class=\"ftb-widget\" data-id=\"39311\" data-token=\"oE8GKSQYFuJ1gosn6AXGQ3Ssf77ji0eepmAuy5P11JwTHM0u3DQbJbaTqkiUd\"><\/div>\n<p><script src=\"https:\/\/widget.freetobook.com\/widget.js\"><\/script><\/p>\n<\/div>\n\n\n\n<div class=\"wp-block-column is-vertically-aligned-center is-layout-flow wp-block-column-is-layout-flow\" style=\"flex-basis:33.33%\"><\/div>\n<\/div>\n\n\n\n<div id=\"wp-block-themeisle-blocks-button-group-e57c4c77\" class=\"wp-block-themeisle-blocks-button-group wp-block-buttons align-center-desktop\">\n<div id=\"wp-block-themeisle-blocks-button-ee0e68ba\" class=\"wp-block-themeisle-blocks-button wp-block-button\"><a href=\"https:\/\/lehameaudecampan.com\/fr\/contact-us\/\" target=\"_self\" rel=\"noopener noreferrer\" class=\"wp-block-button__link\"><span>CONTACTEZ-NOUS<\/span><\/a><\/div>\n<\/div>\n\n\n\n<div class=\"wp-block-group is-layout-constrained wp-block-group-is-layout-constrained\"><div class=\"wp-block-group__inner-container\">\n<h2 class=\"wp-block-heading\">Services Supplementaire<\/h2>\n\n\n\n<p>Nous offrons \u00e9galement une vari\u00e9t\u00e9 de services suppl\u00e9mentaires \u00e0 nos clients.  Vous trouverez ci-dessous les services qui pourraient vous int\u00e9resser lors de votre s\u00e9jour chez nous.  Nous pouvons \u00e9galement proposer ces services aux personnes s\u00e9journant dans la r\u00e9gion. N'h\u00e9sitez donc pas \u00e0 nous contacter si vous \u00eates int\u00e9ress\u00e9 par l'un des services ci-dessous lors de votre s\u00e9jour dans la r\u00e9gion.<\/p>\n\n\n\n<div id=\"wp-block-themeisle-blocks-tabs-db4252c7\" class=\"wp-block-themeisle-blocks-tabs is-align-left\"><div class=\"wp-block-themeisle-blocks-tabs__content\">\n<div data-title=\"AIRPORT TRANSFER\" class=\"wp-block-themeisle-blocks-tabs-item\"><div class=\"wp-block-themeisle-blocks-tabs-item__header\" tabindex=\"0\">TRANSFERT DE L'A\u00c9ROPORT<\/div><div class=\"wp-block-themeisle-blocks-tabs-item__content\">\n<p>Nous proposons des transferts depuis les a\u00e9roports de Lourdes (40 minutes), Toulouse (1h50) et Biarritz (2h) avec notre Ford Transit Custom 9 places.  Nous pouvons \u00e9galement organiser des transferts pour des groupes plus grandes si vous le souhaitez.  Veuillez nous contacter pour plus d'informations. <a href=\"https:\/\/lehameaudecampan.com\/fr\/contact-us\/\">contactez-nous<\/a> pour plus d'informations et pour les tarifs.<\/p>\n<\/div><\/div>\n\n\n\n<div data-title=\"VAN SUPPORT\" class=\"wp-block-themeisle-blocks-tabs-item\"><div class=\"wp-block-themeisle-blocks-tabs-item__header\" tabindex=\"0\">SOUTIEN ROUTIERS<\/div><div class=\"wp-block-themeisle-blocks-tabs-item__content\">\n<p>Si vous souhaitez b\u00e9n\u00e9ficier d'un fourgon pour votre groupe de cyclistes, de marcheurs, de coureurs ou pour toute autre activit\u00e9, n'h\u00e9sitez pas \u00e0 nous contacter.  Nous utilisons notre Ford Transit LWB 9 places pour tous nos s\u00e9jours de cyclisme, de marcher et de yoga et nous sommes tr\u00e8s exp\u00e9riment\u00e9s dans l'accompagnement d'activit\u00e9s sportives pour des groupes en montagne.  <\/p>\n\n\n\n<p>Notre formule standard comprend le fourgon et le chauffeur (g\u00e9n\u00e9ralement Damian) pour la journ\u00e9e et jusqu'\u00e0 100 km par jour de kilom\u00e9trage.<\/p>\n<\/div><\/div>\n\n\n\n<div data-title=\"YOGA\" class=\"wp-block-themeisle-blocks-tabs-item\"><div class=\"wp-block-themeisle-blocks-tabs-item__header\" tabindex=\"0\">YOGA<\/div><div class=\"wp-block-themeisle-blocks-tabs-item__content\">\n<p>Rachel est une instructrice de yoga qualifi\u00e9e et donne r\u00e9guli\u00e8rement des cours de yoga \u00e0 LE STUDIO - notre studio de yoga interne.  Vous \u00eates les bienvenus pour participer \u00e0 l'une des sessions r\u00e9guli\u00e8res de Rachel (veuillez consulter son calendrier). <strong><a href=\"https:\/\/lehameaudecampan.com\/fr\/yoga\/\">ici<\/a><\/strong>) ou nous pouvons vous proposer un cours collectif sur mesure sur place si vous pr\u00e9f\u00e9rez avoir une s\u00e9ance priv\u00e9e pour vous ou votre groupe.<\/p>\n<\/div><\/div>\n\n\n\n<div data-title=\"WALK LEADER\" class=\"wp-block-themeisle-blocks-tabs-item\"><div class=\"wp-block-themeisle-blocks-tabs-item__header\" tabindex=\"0\">ACCOMPAGNATEUR RANDO<\/div><div class=\"wp-block-themeisle-blocks-tabs-item__content\">\n<p>BIENT\u00d4T ! - Damian est en train de passer son dipl\u00f4me d'Accompagnateur en Moyenne Montagne et proposera bient\u00f4t ses services de guide de randonn\u00e9e.  En attendant, si vous souhaitez b\u00e9n\u00e9ficier des services d'un guide ou d'un accompagnateur, n'h\u00e9sitez pas \u00e0 nous contacter et nous nous ferons un plaisir d'essayer de trouver quelqu'un qui corresponde \u00e0 vos besoins.<\/p>\n<\/div><\/div>\n\n\n\n<div data-title=\"CYCLE ROUTES\" class=\"wp-block-themeisle-blocks-tabs-item\"><div class=\"wp-block-themeisle-blocks-tabs-item__header\" tabindex=\"0\">ROUTES VELOS<\/div><div class=\"wp-block-themeisle-blocks-tabs-item__content\">\n<p>PROCHAINEMENT !<\/p>\n<\/div><\/div>\n\n\n\n<div data-title=\"WALKING ROUTES\" class=\"wp-block-themeisle-blocks-tabs-item\"><div class=\"wp-block-themeisle-blocks-tabs-item__header\" tabindex=\"0\">ITIN\u00c9RAIRES RANDOS<\/div><div class=\"wp-block-themeisle-blocks-tabs-item__content\">\n<p>PROCHAINEMENT !<\/p>\n<\/div><\/div>\n<\/div><\/div>\n<\/div><\/div>","protected":false},"excerpt":{"rendered":"<p>Standard Accommodation Price List Below is our standard price list for booking our accommodation and services directly with us. From time to time we generate &hellip;<\/p>","protected":false},"author":1,"featured_media":167,"parent":0,"menu_order":0,"comment_status":"closed","ping_status":"closed","template":"","meta":{"content-type":"","om_disable_all_campaigns":false,"_mi_skip_tracking":false,"_themeisle_gutenberg_block_has_review":false,"footnotes":""},"aioseo_notices":[],"yoast_head":"<!-- This site is optimized with the Yoast SEO plugin v20.3 - https:\/\/yoast.com\/wordpress\/plugins\/seo\/ -->\n<title>PRICES - Le Hameau de Campan<\/title>\n<meta name=\"robots\" content=\"index, follow, max-snippet:-1, max-image-preview:large, max-video-preview:-1\" \/>\n<link rel=\"canonical\" href=\"https:\/\/lehameaudecampan.com\/fr\/prices\/\" \/>\n<meta property=\"og:locale\" content=\"fr_FR\" \/>\n<meta property=\"og:type\" content=\"article\" \/>\n<meta property=\"og:title\" content=\"PRICES - Le Hameau de Campan\" \/>\n<meta property=\"og:description\" content=\"Standard Accommodation Price List Below is our standard price list for booking our accommodation and services directly with us. From time to time we generate &hellip;\" \/>\n<meta property=\"og:url\" content=\"https:\/\/lehameaudecampan.com\/fr\/prices\/\" \/>\n<meta property=\"og:site_name\" content=\"Le Hameau de Campan\" \/>\n<meta property=\"article:modified_time\" content=\"2025-05-24T08:28:57+00:00\" \/>\n<meta property=\"og:image\" content=\"http:\/\/lehameaudecampan.com\/wp-content\/uploads\/2023\/03\/walking-shot-1-scaled.jpg\" \/>\n\t<meta property=\"og:image:width\" content=\"2560\" \/>\n\t<meta property=\"og:image:height\" content=\"1920\" \/>\n\t<meta property=\"og:image:type\" content=\"image\/jpeg\" \/>\n<meta name=\"twitter:card\" content=\"summary_large_image\" \/>\n<meta name=\"twitter:label1\" content=\"Dur\u00e9e de lecture estim\u00e9e\" \/>\n\t<meta name=\"twitter:data1\" content=\"2 minutes\" \/>\n<script type=\"application\/ld+json\" class=\"yoast-schema-graph\">{\"@context\":\"https:\/\/schema.org\",\"@graph\":[{\"@type\":\"WebPage\",\"@id\":\"https:\/\/lehameaudecampan.com\/prices\/\",\"url\":\"https:\/\/lehameaudecampan.com\/prices\/\",\"name\":\"PRICES - Le Hameau de Campan\",\"isPartOf\":{\"@id\":\"https:\/\/lehameaudecampan.com\/#website\"},\"datePublished\":\"2023-04-14T11:48:08+00:00\",\"dateModified\":\"2025-05-24T08:28:57+00:00\",\"breadcrumb\":{\"@id\":\"https:\/\/lehameaudecampan.com\/prices\/#breadcrumb\"},\"inLanguage\":\"fr-FR\",\"potentialAction\":[{\"@type\":\"ReadAction\",\"target\":[\"https:\/\/lehameaudecampan.com\/prices\/\"]}]},{\"@type\":\"BreadcrumbList\",\"@id\":\"https:\/\/lehameaudecampan.com\/prices\/#breadcrumb\",\"itemListElement\":[{\"@type\":\"ListItem\",\"position\":1,\"name\":\"Home\",\"item\":\"https:\/\/lehameaudecampan.com\/\"},{\"@type\":\"ListItem\",\"position\":2,\"name\":\"PRICES\"}]},{\"@type\":\"WebSite\",\"@id\":\"https:\/\/lehameaudecampan.com\/#website\",\"url\":\"https:\/\/lehameaudecampan.com\/\",\"name\":\"Le Hameau de Campan\",\"description\":\"Group Accommodation in the heart of the Pyrenees\",\"publisher\":{\"@id\":\"https:\/\/lehameaudecampan.com\/#organization\"},\"potentialAction\":[{\"@type\":\"SearchAction\",\"target\":{\"@type\":\"EntryPoint\",\"urlTemplate\":\"https:\/\/lehameaudecampan.com\/?s={search_term_string}\"},\"query-input\":\"required name=search_term_string\"}],\"inLanguage\":\"fr-FR\"},{\"@type\":\"Organization\",\"@id\":\"https:\/\/lehameaudecampan.com\/#organization\",\"name\":\"Le Hameau de Campan\",\"url\":\"https:\/\/lehameaudecampan.com\/\",\"logo\":{\"@type\":\"ImageObject\",\"inLanguage\":\"fr-FR\",\"@id\":\"https:\/\/lehameaudecampan.com\/#\/schema\/logo\/image\/\",\"url\":\"https:\/\/lehameaudecampan.com\/wp-content\/uploads\/2023\/03\/cropped-400dpiLogo-no-name-4.png\",\"contentUrl\":\"https:\/\/lehameaudecampan.com\/wp-content\/uploads\/2023\/03\/cropped-400dpiLogo-no-name-4.png\",\"width\":1811,\"height\":893,\"caption\":\"Le Hameau de Campan\"},\"image\":{\"@id\":\"https:\/\/lehameaudecampan.com\/#\/schema\/logo\/image\/\"}}]}<\/script>\n<!-- \/ Yoast SEO plugin. -->","yoast_head_json":{"title":"PRICES - Le Hameau de Campan","robots":{"index":"index","follow":"follow","max-snippet":"max-snippet:-1","max-image-preview":"max-image-preview:large","max-video-preview":"max-video-preview:-1"},"canonical":"https:\/\/lehameaudecampan.com\/fr\/prices\/","og_locale":"fr_FR","og_type":"article","og_title":"PRICES - Le Hameau de Campan","og_description":"Standard Accommodation Price List Below is our standard price list for booking our accommodation and services directly with us. From time to time we generate &hellip;","og_url":"https:\/\/lehameaudecampan.com\/fr\/prices\/","og_site_name":"Le Hameau de Campan","article_modified_time":"2025-05-24T08:28:57+00:00","og_image":[{"width":2560,"height":1920,"url":"http:\/\/lehameaudecampan.com\/wp-content\/uploads\/2023\/03\/walking-shot-1-scaled.jpg","type":"image\/jpeg"}],"twitter_card":"summary_large_image","twitter_misc":{"Dur\u00e9e de lecture estim\u00e9e":"2 minutes"},"schema":{"@context":"https:\/\/schema.org","@graph":[{"@type":"WebPage","@id":"https:\/\/lehameaudecampan.com\/prices\/","url":"https:\/\/lehameaudecampan.com\/prices\/","name":"PRICES - Le Hameau de Campan","isPartOf":{"@id":"https:\/\/lehameaudecampan.com\/#website"},"datePublished":"2023-04-14T11:48:08+00:00","dateModified":"2025-05-24T08:28:57+00:00","breadcrumb":{"@id":"https:\/\/lehameaudecampan.com\/prices\/#breadcrumb"},"inLanguage":"fr-FR","potentialAction":[{"@type":"ReadAction","target":["https:\/\/lehameaudecampan.com\/prices\/"]}]},{"@type":"BreadcrumbList","@id":"https:\/\/lehameaudecampan.com\/prices\/#breadcrumb","itemListElement":[{"@type":"ListItem","position":1,"name":"Home","item":"https:\/\/lehameaudecampan.com\/"},{"@type":"ListItem","position":2,"name":"PRICES"}]},{"@type":"WebSite","@id":"https:\/\/lehameaudecampan.com\/#website","url":"https:\/\/lehameaudecampan.com\/","name":"Le Hameau de Campan","description":"Group Accommodation in the heart of the Pyrenees","publisher":{"@id":"https:\/\/lehameaudecampan.com\/#organization"},"potentialAction":[{"@type":"SearchAction","target":{"@type":"EntryPoint","urlTemplate":"https:\/\/lehameaudecampan.com\/?s={search_term_string}"},"query-input":"required name=search_term_string"}],"inLanguage":"fr-FR"},{"@type":"Organization","@id":"https:\/\/lehameaudecampan.com\/#organization","name":"Le Hameau de Campan","url":"https:\/\/lehameaudecampan.com\/","logo":{"@type":"ImageObject","inLanguage":"fr-FR","@id":"https:\/\/lehameaudecampan.com\/#\/schema\/logo\/image\/","url":"https:\/\/lehameaudecampan.com\/wp-content\/uploads\/2023\/03\/cropped-400dpiLogo-no-name-4.png","contentUrl":"https:\/\/lehameaudecampan.com\/wp-content\/uploads\/2023\/03\/cropped-400dpiLogo-no-name-4.png","width":1811,"height":893,"caption":"Le Hameau de Campan"},"image":{"@id":"https:\/\/lehameaudecampan.com\/#\/schema\/logo\/image\/"}}]}},"_links":{"self":[{"href":"https:\/\/lehameaudecampan.com\/fr\/wp-json\/wp\/v2\/pages\/1447"}],"collection":[{"href":"https:\/\/lehameaudecampan.com\/fr\/wp-json\/wp\/v2\/pages"}],"about":[{"href":"https:\/\/lehameaudecampan.com\/fr\/wp-json\/wp\/v2\/types\/page"}],"author":[{"embeddable":true,"href":"https:\/\/lehameaudecampan.com\/fr\/wp-json\/wp\/v2\/users\/1"}],"replies":[{"embeddable":true,"href":"https:\/\/lehameaudecampan.com\/fr\/wp-json\/wp\/v2\/comments?post=1447"}],"version-history":[{"count":21,"href":"https:\/\/lehameaudecampan.com\/fr\/wp-json\/wp\/v2\/pages\/1447\/revisions"}],"predecessor-version":[{"id":1915,"href":"https:\/\/lehameaudecampan.com\/fr\/wp-json\/wp\/v2\/pages\/1447\/revisions\/1915"}],"wp:featuredmedia":[{"embeddable":true,"href":"https:\/\/lehameaudecampan.com\/fr\/wp-json\/wp\/v2\/media\/167"}],"wp:attachment":[{"href":"https:\/\/lehameaudecampan.com\/fr\/wp-json\/wp\/v2\/media?parent=1447"}],"curies":[{"name":"wp","href":"https:\/\/api.w.org\/{rel}","templated":true}]}}